{"id":2023,"date":"2023-11-13T12:52:14","date_gmt":"2023-11-13T11:52:14","guid":{"rendered":"https:\/\/cave-des-montagnes.com\/zahlungsmethoden\/"},"modified":"2024-04-18T21:16:16","modified_gmt":"2024-04-18T19:16:16","slug":"zahlungsmethoden","status":"publish","type":"page","link":"https:\/\/cave-des-montagnes.com\/de\/zahlungsmethoden\/","title":{"rendered":"Zahlungsmethoden"},"content":{"rendered":"\t\t<div data-elementor-type=\"wp-page\" data-elementor-id=\"2023\" class=\"elementor elementor-2023 elementor-18\" data-elementor-post-type=\"page\">\n\t\t\t\t<div class=\"elementor-element elementor-element-a843e91 e-flex e-con-boxed wpr-particle-no wpr-jarallax-no wpr-parallax-no wpr-sticky-section-no wpr-equal-height-no e-con e-parent\" data-id=\"a843e91\" data-element_type=\"container\" data-e-type=\"container\">\n\t\t\t\t\t<div class=\"e-con-inner\">\n\t\t\t\t<div class=\"elementor-element elementor-element-053b5be elementor-widget elementor-widget-spacer\" data-id=\"053b5be\" data-element_type=\"widget\" data-e-type=\"widget\" data-widget_type=\"spacer.default\">\n\t\t\t\t<div class=\"elementor-widget-container\">\n\t\t\t\t\t\t\t<div class=\"elementor-spacer\">\n\t\t\t<div class=\"elementor-spacer-inner\"><\/div>\n\t\t<\/div>\n\t\t\t\t\t\t<\/div>\n\t\t\t\t<\/div>\n\t\t\t\t<div class=\"elementor-element elementor-element-bef66d2 elementor-widget elementor-widget-heading\" data-id=\"bef66d2\" data-element_type=\"widget\" data-e-type=\"widget\" data-widget_type=\"heading.default\">\n\t\t\t\t<div class=\"elementor-widget-container\">\n\t\t\t\t\t<h2 class=\"elementor-heading-title elementor-size-default\">Zahlungsarten<\/h2>\t\t\t\t<\/div>\n\t\t\t\t<\/div>\n\t\t\t\t<div class=\"elementor-element elementor-element-c0e89fe elementor-widget elementor-widget-spacer\" data-id=\"c0e89fe\" data-element_type=\"widget\" data-e-type=\"widget\" data-widget_type=\"spacer.default\">\n\t\t\t\t<div class=\"elementor-widget-container\">\n\t\t\t\t\t\t\t<div class=\"elementor-spacer\">\n\t\t\t<div class=\"elementor-spacer-inner\"><\/div>\n\t\t<\/div>\n\t\t\t\t\t\t<\/div>\n\t\t\t\t<\/div>\n\t\t\t\t\t<\/div>\n\t\t\t\t<\/div>\n\t\t<div class=\"elementor-element elementor-element-59fb2083 e-flex e-con-boxed wpr-particle-no wpr-jarallax-no wpr-parallax-no wpr-sticky-section-no wpr-equal-height-no e-con e-parent\" data-id=\"59fb2083\" data-element_type=\"container\" data-e-type=\"container\">\n\t\t\t\t\t<div class=\"e-con-inner\">\n\t\t\t\t<div class=\"elementor-element elementor-element-6a3b425a elementor-widget elementor-widget-text-editor\" data-id=\"6a3b425a\" data-element_type=\"widget\" data-e-type=\"widget\" data-widget_type=\"text-editor.default\">\n\t\t\t\t<div class=\"elementor-widget-container\">\n\t\t\t\t\t\t\t\t\t<div class=\"flex flex-grow flex-col max-w-full\"><div class=\"min-h-[20px] text-message flex flex-col items-start gap-3 whitespace-pre-wrap break-words [.text-message+&amp;]:mt-5 overflow-x-auto\" dir=\"auto\" data-message-author-role=\"assistant\" data-message-id=\"2d7d4670-9e54-4719-b58d-e48c59582aff\"><div class=\"markdown prose w-full break-words dark:prose-invert dark\"><p><strong>Zahlungsmethoden<\/strong><br \/>Wir bieten Ihnen folgende Zahlungsmethoden an. W\u00e4hlen Sie einfach diejenige aus, die Ihnen am besten passt. Die in den jeweiligen Angeboten angegebenen Preise sind Endpreise. Sie enthalten alle Preisbestandteile, einschlie\u00dflich eventuell anfallender Steuern wie Mehrwertsteuer. Nur im Falle grenz\u00fcberschreitender Lieferungen k\u00f6nnen zus\u00e4tzliche Steuern (z. B. im Falle eines innergemeinschaftlichen Erwerbs) und\/oder Abgaben (z. B. Zollgeb\u00fchren) von Ihnen, jedoch nicht vom Verk\u00e4ufer, an die zust\u00e4ndigen Zoll- oder Steuerbeh\u00f6rden zu zahlen sein. Liefer- und Versandkosten sind nicht im Kaufpreis enthalten; sie k\u00f6nnen auf der Seite &#8222;Versandkosten&#8220; eingesehen, w\u00e4hrend des Bestellvorgangs separat angezeigt und von Ihnen zus\u00e4tzlich zu zahlen sein.<\/p><p><strong>Kreditkarte<\/strong> <br \/>Bezahlen Sie ganz einfach mit Ihrer Kreditkarte.<\/p><p><strong>PayPal<\/strong><br \/>Bezahlen Sie noch schneller und sicherer mit Ihrem PayPal-Konto.<\/p><\/div><\/div><\/div>\t\t\t\t\t\t\t\t<\/div>\n\t\t\t\t<\/div>\n\t\t\t\t\t<\/div>\n\t\t\t\t<\/div>\n\t\t\t\t<\/div>\n\t\t","protected":false},"excerpt":{"rendered":"<p>Zahlungsarten ZahlungsmethodenWir bieten Ihnen folgende Zahlungsmethoden an. W\u00e4hlen Sie einfach diejenige aus, die Ihnen am besten passt. Die in den jeweiligen Angeboten angegebenen Preise sind Endpreise. Sie enthalten alle Preisbestandteile, einschlie\u00dflich eventuell anfallender Steuern wie Mehrwertsteuer. Nur im Falle grenz\u00fcberschreitender Lieferungen k\u00f6nnen zus\u00e4tzliche Steuern (z. B. im Falle eines innergemeinschaftlichen Erwerbs) und\/oder Abgaben (z. B. Zollgeb\u00fchren) von Ihnen, jedoch nicht vom Verk\u00e4ufer, an die zust\u00e4ndigen Zoll- oder Steuerbeh\u00f6rden zu zahlen sein. Liefer- und Versandkosten sind nicht im Kaufpreis enthalten; sie k\u00f6nnen auf der Seite &#8222;Versandkosten&#8220; eingesehen, w\u00e4hrend des Bestellvorgangs separat angezeigt und von Ihnen zus\u00e4tzlich zu zahlen sein. Kreditkarte Bezahlen Sie ganz einfach mit Ihrer Kreditkarte. PayPalBezahlen Sie noch schneller und sicherer mit Ihrem PayPal-Konto.<\/p>\n","protected":false},"author":3,"featured_media":0,"parent":0,"menu_order":0,"comment_status":"closed","ping_status":"closed","template":"","meta":{"site-sidebar-layout":"default","site-content-layout":"","ast-site-content-layout":"default","site-content-style":"default","site-sidebar-style":"default","ast-global-header-display":"","ast-banner-title-visibility":"","ast-main-header-display":"","ast-hfb-above-header-display":"","ast-hfb-below-header-display":"","ast-hfb-mobile-header-display":"","site-post-title":"disabled","ast-breadcrumbs-content":"","ast-featured-img":"","footer-sml-layout":"","ast-disable-related-posts":"","theme-transparent-header-meta":"","adv-header-id-meta":"","stick-header-meta":"","header-above-stick-meta":"","header-main-stick-meta":"","header-below-stick-meta":"","astra-migrate-meta-layouts":"default","ast-page-background-enabled":"default","ast-page-background-meta":{"desktop":{"background-color":"var(--ast-global-color-4)","background-image":"","background-repeat":"repeat","background-position":"center center","background-size":"auto","background-attachment":"scroll","background-type":"","background-media":"","overlay-type":"","overlay-color":"","overlay-opacity":"","overlay-gradient":""},"tablet":{"background-color":"","background-image":"","background-repeat":"repeat","background-position":"center center","background-size":"auto","background-attachment":"scroll","background-type":"","background-media":"","overlay-type":"","overlay-color":"","overlay-opacity":"","overlay-gradient":""},"mobile":{"background-color":"","background-image":"","background-repeat":"repeat","background-position":"center center","background-size":"auto","background-attachment":"scroll","background-type":"","background-media":"","overlay-type":"","overlay-color":"","overlay-opacity":"","overlay-gradient":""}},"ast-content-background-meta":{"desktop":{"background-color":"var(--ast-global-color-5)","background-image":"","background-repeat":"repeat","background-position":"center center","background-size":"auto","background-attachment":"scroll","background-type":"","background-media":"","overlay-type":"","overlay-color":"","overlay-opacity":"","overlay-gradient":""},"tablet":{"background-color":"var(--ast-global-color-5)","background-image":"","background-repeat":"repeat","background-position":"center center","background-size":"auto","background-attachment":"scroll","background-type":"","background-media":"","overlay-type":"","overlay-color":"","overlay-opacity":"","overlay-gradient":""},"mobile":{"background-color":"var(--ast-global-color-5)","background-image":"","background-repeat":"repeat","background-position":"center center","background-size":"auto","background-attachment":"scroll","background-type":"","background-media":"","overlay-type":"","overlay-color":"","overlay-opacity":"","overlay-gradient":""}},"footnotes":""},"class_list":["post-2023","page","type-page","status-publish","hentry"],"jetpack_sharing_enabled":true,"_links":{"self":[{"href":"https:\/\/cave-des-montagnes.com\/de\/wp-json\/wp\/v2\/pages\/2023","targetHints":{"allow":["GET"]}}],"collection":[{"href":"https:\/\/cave-des-montagnes.com\/de\/wp-json\/wp\/v2\/pages"}],"about":[{"href":"https:\/\/cave-des-montagnes.com\/de\/wp-json\/wp\/v2\/types\/page"}],"author":[{"embeddable":true,"href":"https:\/\/cave-des-montagnes.com\/de\/wp-json\/wp\/v2\/users\/3"}],"replies":[{"embeddable":true,"href":"https:\/\/cave-des-montagnes.com\/de\/wp-json\/wp\/v2\/comments?post=2023"}],"version-history":[{"count":11,"href":"https:\/\/cave-des-montagnes.com\/de\/wp-json\/wp\/v2\/pages\/2023\/revisions"}],"predecessor-version":[{"id":6654,"href":"https:\/\/cave-des-montagnes.com\/de\/wp-json\/wp\/v2\/pages\/2023\/revisions\/6654"}],"wp:attachment":[{"href":"https:\/\/cave-des-montagnes.com\/de\/wp-json\/wp\/v2\/media?parent=2023"}],"curies":[{"name":"wp","href":"https:\/\/api.w.org\/{rel}","templated":true}]}}