{"id":2255,"date":"2023-11-22T21:14:39","date_gmt":"2023-11-22T20:14:39","guid":{"rendered":"https:\/\/cave-des-montagnes.com\/cocktails\/cocktails-capable-lover\/"},"modified":"2024-04-06T20:53:47","modified_gmt":"2024-04-06T18:53:47","slug":"cocktails-capable-lover","status":"publish","type":"page","link":"https:\/\/cave-des-montagnes.com\/de\/cocktails\/cocktails-capable-lover\/","title":{"rendered":"Cocktails Capable Lover"},"content":{"rendered":"\t\t<div data-elementor-type=\"wp-page\" data-elementor-id=\"2255\" class=\"elementor elementor-2255 elementor-595\" data-elementor-post-type=\"page\">\n\t\t\t\t<div class=\"elementor-element elementor-element-7860bfc e-con-full e-flex wpr-particle-no wpr-jarallax-no wpr-parallax-no wpr-sticky-section-no wpr-equal-height-no e-con e-parent\" data-id=\"7860bfc\" data-element_type=\"container\" data-e-type=\"container\">\n\t\t\t\t<div class=\"elementor-element elementor-element-bc075dc elementor--h-position-left elementor--v-position-middle elementor-arrows-position-inside elementor-pagination-position-inside elementor-widget elementor-widget-slides\" data-id=\"bc075dc\" data-element_type=\"widget\" data-e-type=\"widget\" data-settings=\"{&quot;autoplay_speed&quot;:6000,&quot;transition_speed&quot;:600,&quot;navigation&quot;:&quot;both&quot;,&quot;autoplay&quot;:&quot;yes&quot;,&quot;pause_on_hover&quot;:&quot;yes&quot;,&quot;pause_on_interaction&quot;:&quot;yes&quot;,&quot;infinite&quot;:&quot;yes&quot;,&quot;transition&quot;:&quot;slide&quot;}\" data-widget_type=\"slides.default\">\n\t\t\t\t<div class=\"elementor-widget-container\">\n\t\t\t\t\t\t\t\t\t<div class=\"elementor-swiper\">\n\t\t\t\t\t<div class=\"elementor-slides-wrapper elementor-main-swiper swiper\" role=\"region\" aria-roledescription=\"carousel\" aria-label=\"Slider\" dir=\"ltr\" data-animation=\"\">\n\t\t\t\t<div class=\"swiper-wrapper elementor-slides\">\n\t\t\t\t\t\t\t\t\t\t<div class=\"elementor-repeater-item-86ba69b swiper-slide\" role=\"group\" aria-roledescription=\"slide\"><div class=\"swiper-slide-bg\" role=\"img\" aria-label=\"beautiful view of a transparent glass with ice cubes and several steel shakers on a bar counter on a blurred bar background\"><\/div><div class=\"swiper-slide-inner\" ><div class=\"swiper-slide-contents\"><div class=\"elementor-slide-heading\">Capable Lover<\/div><div class=\"elementor-slide-description\"><p>Eine Cocktail-Auswahl von Cave des Montagnes<\/p>\n<\/div><\/div><\/div><\/div>\t\t\t\t<\/div>\n\t\t\t\t\t\t\t<\/div>\n\t\t\t\t<\/div>\n\t\t\t\t\t\t\t\t<\/div>\n\t\t\t\t<\/div>\n\t\t\t\t<\/div>\n\t\t<div class=\"elementor-element elementor-element-8cd6232 e-flex e-con-boxed wpr-particle-no wpr-jarallax-no wpr-parallax-no wpr-sticky-section-no wpr-equal-height-no e-con e-parent\" data-id=\"8cd6232\" data-element_type=\"container\" data-e-type=\"container\">\n\t\t\t\t\t<div class=\"e-con-inner\">\n\t\t\t\t<div class=\"elementor-element elementor-element-f822482 elementor-widget elementor-widget-spacer\" data-id=\"f822482\" data-element_type=\"widget\" data-e-type=\"widget\" data-widget_type=\"spacer.default\">\n\t\t\t\t<div class=\"elementor-widget-container\">\n\t\t\t\t\t\t\t<div class=\"elementor-spacer\">\n\t\t\t<div class=\"elementor-spacer-inner\"><\/div>\n\t\t<\/div>\n\t\t\t\t\t\t<\/div>\n\t\t\t\t<\/div>\n\t\t\t\t<div class=\"elementor-element elementor-element-c491528 elementor-widget elementor-widget-heading\" data-id=\"c491528\" data-element_type=\"widget\" data-e-type=\"widget\" data-widget_type=\"heading.default\">\n\t\t\t\t<div class=\"elementor-widget-container\">\n\t\t\t\t\t<h2 class=\"elementor-heading-title elementor-size-default\">FEMME CAPABLE  <br>NECTAR halbtrocken<\/h2>\t\t\t\t<\/div>\n\t\t\t\t<\/div>\n\t\t\t\t<div class=\"elementor-element elementor-element-e31ef20 elementor-widget elementor-widget-spacer\" data-id=\"e31ef20\" data-element_type=\"widget\" data-e-type=\"widget\" data-widget_type=\"spacer.default\">\n\t\t\t\t<div class=\"elementor-widget-container\">\n\t\t\t\t\t\t\t<div class=\"elementor-spacer\">\n\t\t\t<div class=\"elementor-spacer-inner\"><\/div>\n\t\t<\/div>\n\t\t\t\t\t\t<\/div>\n\t\t\t\t<\/div>\n\t\t\t\t\t<\/div>\n\t\t\t\t<\/div>\n\t\t<div class=\"elementor-element elementor-element-9700a0b e-flex e-con-boxed wpr-particle-no wpr-jarallax-no wpr-parallax-no wpr-sticky-section-no wpr-equal-height-no e-con e-parent\" data-id=\"9700a0b\" data-element_type=\"container\" data-e-type=\"container\">\n\t\t\t\t\t<div class=\"e-con-inner\">\n\t\t\t\t<div class=\"elementor-element elementor-element-7b563f0 elementor-widget__width-initial elementor-widget elementor-widget-text-editor\" data-id=\"7b563f0\" data-element_type=\"widget\" data-e-type=\"widget\" data-widget_type=\"text-editor.default\">\n\t\t\t\t<div class=\"elementor-widget-container\">\n\t\t\t\t\t\t\t\t\t<p>Dieser Cocktail ist eine Bombe mit fruchtigen Noten. Er hebt die geschmeidige und runde<br>cuv\u00e9e FEMME CAPABLE NECTAR und ihren glamour\u00f6sen Charakter hervor. Er enth\u00e4lt mehrere Fr\u00fcchte, die die Noten dieser Cuv\u00e9e aufwerten und hervorheben sowie Lik\u00f6re, die es den Aromen erm\u00f6glichen, sich zu verfl\u00fcchtigen, damit sie sich besser entfalten k\u00f6nnen. Man sagt dann, dass eine FEMME CAPABLE (STARKE FRAU), gerne gesch\u00e4tzt wird.<\/p>\t\t\t\t\t\t\t\t<\/div>\n\t\t\t\t<\/div>\n\t\t\t\t<div class=\"elementor-element elementor-element-84da2d7 elementor-widget elementor-widget-spacer\" data-id=\"84da2d7\" data-element_type=\"widget\" data-e-type=\"widget\" data-widget_type=\"spacer.default\">\n\t\t\t\t<div class=\"elementor-widget-container\">\n\t\t\t\t\t\t\t<div class=\"elementor-spacer\">\n\t\t\t<div class=\"elementor-spacer-inner\"><\/div>\n\t\t<\/div>\n\t\t\t\t\t\t<\/div>\n\t\t\t\t<\/div>\n\t\t\t\t\t<\/div>\n\t\t\t\t<\/div>\n\t\t<div class=\"elementor-element elementor-element-2fb9bfa e-flex e-con-boxed wpr-particle-no wpr-jarallax-no wpr-parallax-no wpr-sticky-section-no wpr-equal-height-no e-con e-parent\" data-id=\"2fb9bfa\" data-element_type=\"container\" data-e-type=\"container\">\n\t\t\t\t\t<div class=\"e-con-inner\">\n\t\t<div class=\"elementor-element elementor-element-5145706 e-con-full e-flex wpr-particle-no wpr-jarallax-no wpr-parallax-no wpr-sticky-section-no wpr-equal-height-no e-con e-child\" data-id=\"5145706\" data-element_type=\"container\" data-e-type=\"container\">\n\t\t\t\t<div class=\"elementor-element elementor-element-d9c6e6f elementor-widget elementor-widget-image\" data-id=\"d9c6e6f\" data-element_type=\"widget\" data-e-type=\"widget\" data-widget_type=\"image.default\">\n\t\t\t\t<div class=\"elementor-widget-container\">\n\t\t\t\t\t\t\t\t\t\t\t\t\t\t\t<img fetchpriority=\"high\" decoding=\"async\" width=\"1024\" height=\"640\" src=\"https:\/\/cave-des-montagnes.com\/wp-content\/uploads\/2023\/11\/CAVE-DES-MONTAGNES-x-THEODORE-THONGA-PACKAGING-PHOTOGRAPHY-2250-1024x640.jpg\" class=\"attachment-large size-large wp-image-1801\" alt=\"\" srcset=\"https:\/\/cave-des-montagnes.com\/wp-content\/uploads\/2023\/11\/CAVE-DES-MONTAGNES-x-THEODORE-THONGA-PACKAGING-PHOTOGRAPHY-2250-1024x640.jpg 1024w, https:\/\/cave-des-montagnes.com\/wp-content\/uploads\/2023\/11\/CAVE-DES-MONTAGNES-x-THEODORE-THONGA-PACKAGING-PHOTOGRAPHY-2250-300x188.jpg 300w, https:\/\/cave-des-montagnes.com\/wp-content\/uploads\/2023\/11\/CAVE-DES-MONTAGNES-x-THEODORE-THONGA-PACKAGING-PHOTOGRAPHY-2250-scaled-600x375.jpg 600w, https:\/\/cave-des-montagnes.com\/wp-content\/uploads\/2023\/11\/CAVE-DES-MONTAGNES-x-THEODORE-THONGA-PACKAGING-PHOTOGRAPHY-2250-768x480.jpg 768w, https:\/\/cave-des-montagnes.com\/wp-content\/uploads\/2023\/11\/CAVE-DES-MONTAGNES-x-THEODORE-THONGA-PACKAGING-PHOTOGRAPHY-2250-1536x960.jpg 1536w, https:\/\/cave-des-montagnes.com\/wp-content\/uploads\/2023\/11\/CAVE-DES-MONTAGNES-x-THEODORE-THONGA-PACKAGING-PHOTOGRAPHY-2250-2048x1280.jpg 2048w\" sizes=\"(max-width: 1024px) 100vw, 1024px\" \/>\t\t\t\t\t\t\t\t\t\t\t\t\t\t\t<\/div>\n\t\t\t\t<\/div>\n\t\t\t\t<\/div>\n\t\t<div class=\"elementor-element elementor-element-89775ca e-con-full e-flex wpr-particle-no wpr-jarallax-no wpr-parallax-no wpr-sticky-section-no wpr-equal-height-no e-con e-child\" data-id=\"89775ca\" data-element_type=\"container\" data-e-type=\"container\">\n\t\t\t\t<div class=\"elementor-element elementor-element-2970d51 elementor-widget elementor-widget-heading\" data-id=\"2970d51\" data-element_type=\"widget\" data-e-type=\"widget\" data-widget_type=\"heading.default\">\n\t\t\t\t<div class=\"elementor-widget-container\">\n\t\t\t\t\t<h4 class=\"elementor-heading-title elementor-size-default\">Vorbereitung<\/h4>\t\t\t\t<\/div>\n\t\t\t\t<\/div>\n\t\t\t\t<div class=\"elementor-element elementor-element-43ca567 elementor-widget elementor-widget-text-editor\" data-id=\"43ca567\" data-element_type=\"widget\" data-e-type=\"widget\" data-widget_type=\"text-editor.default\">\n\t\t\t\t<div class=\"elementor-widget-container\">\n\t\t\t\t\t\t\t\t\t<ul>\n<li>Legen Sie die Fruchtst\u00fccke, leicht<br>\nzuvor flachgedr\u00fcckt, in ein gro\u00dfes Weinglas<br>\nund f\u00fcgen Sie die Lik\u00f6re hinzu.<\/li>\n<li>F\u00fcgen Sie dann die prickelnde FEMME CAPABLE NECTAR hinzu und r\u00fchren Sie die Mischung um.<\/li>\n<li>Geben Sie Eisw\u00fcrfel hinzu und dekorieren Sie das Ganze mit<br>\neinige Minzbl\u00e4tter<\/li>\n<li>Es bleibt nichts anderes \u00fcbrig, als ihm mit Liebe zu dienen und<br>\nAufmerksamkeit.<\/li>\n<\/ul>\t\t\t\t\t\t\t\t<\/div>\n\t\t\t\t<\/div>\n\t\t\t\t<div class=\"elementor-element elementor-element-c9627ee elementor-widget elementor-widget-spacer\" data-id=\"c9627ee\" data-element_type=\"widget\" data-e-type=\"widget\" data-widget_type=\"spacer.default\">\n\t\t\t\t<div class=\"elementor-widget-container\">\n\t\t\t\t\t\t\t<div class=\"elementor-spacer\">\n\t\t\t<div class=\"elementor-spacer-inner\"><\/div>\n\t\t<\/div>\n\t\t\t\t\t\t<\/div>\n\t\t\t\t<\/div>\n\t\t\t\t<div class=\"elementor-element elementor-element-86a1474 elementor-widget elementor-widget-heading\" data-id=\"86a1474\" data-element_type=\"widget\" data-e-type=\"widget\" data-widget_type=\"heading.default\">\n\t\t\t\t<div class=\"elementor-widget-container\">\n\t\t\t\t\t<h6 class=\"elementor-heading-title elementor-size-default\">Zutaten<\/h6>\t\t\t\t<\/div>\n\t\t\t\t<\/div>\n\t\t\t\t<div class=\"elementor-element elementor-element-1a2662f elementor-widget elementor-widget-text-editor\" data-id=\"1a2662f\" data-element_type=\"widget\" data-e-type=\"widget\" data-widget_type=\"text-editor.default\">\n\t\t\t\t<div class=\"elementor-widget-container\">\n\t\t\t\t\t\t\t\t\t<ul>\n \t<li>2 Erdbeerh\u00e4lften<\/li>\n \t<li>4 Himbeerh\u00e4lften<\/li>\n \t<li>6 Blaubeerh\u00e4lften<\/li>\n \t<li>1 Klinge aus Kakifrucht<\/li>\n \t<li>5 ml Kirschlik\u00f6r<\/li>\n \t<li>10 ml Pfirsichlik\u00f6r<\/li>\n \t<li>75 ml FEMME CAPABLE NECTAR, HALB-TROCKEN<\/li>\n<\/ul>\t\t\t\t\t\t\t\t<\/div>\n\t\t\t\t<\/div>\n\t\t\t\t<div class=\"elementor-element elementor-element-1a1f028 elementor-widget elementor-widget-button\" data-id=\"1a1f028\" data-element_type=\"widget\" data-e-type=\"widget\" data-widget_type=\"button.default\">\n\t\t\t\t<div class=\"elementor-widget-container\">\n\t\t\t\t\t\t\t\t\t<div class=\"elementor-button-wrapper\">\n\t\t\t\t\t<a class=\"elementor-button elementor-button-link elementor-size-sm\" href=\"https:\/\/cave-des-montagnes.com\/femme-capable-nectar-demi-sec\/\">\n\t\t\t\t\t\t<span class=\"elementor-button-content-wrapper\">\n\t\t\t\t\t\t\t\t\t<span class=\"elementor-button-text\">WEIN ENTDECKEN<\/span>\n\t\t\t\t\t<\/span>\n\t\t\t\t\t<\/a>\n\t\t\t\t<\/div>\n\t\t\t\t\t\t\t\t<\/div>\n\t\t\t\t<\/div>\n\t\t\t\t<div class=\"elementor-element elementor-element-7a22959 elementor-widget elementor-widget-spacer\" data-id=\"7a22959\" data-element_type=\"widget\" data-e-type=\"widget\" data-widget_type=\"spacer.default\">\n\t\t\t\t<div class=\"elementor-widget-container\">\n\t\t\t\t\t\t\t<div class=\"elementor-spacer\">\n\t\t\t<div class=\"elementor-spacer-inner\"><\/div>\n\t\t<\/div>\n\t\t\t\t\t\t<\/div>\n\t\t\t\t<\/div>\n\t\t\t\t<\/div>\n\t\t\t\t\t<\/div>\n\t\t\t\t<\/div>\n\t\t\t\t<\/div>\n\t\t","protected":false},"excerpt":{"rendered":"<p>Capable Lover Eine Cocktail-Auswahl von Cave des Montagnes FEMME CAPABLE NECTAR halbtrocken Dieser Cocktail ist eine Bombe mit fruchtigen Noten. Er hebt die geschmeidige und rundecuv\u00e9e FEMME CAPABLE NECTAR und ihren glamour\u00f6sen Charakter hervor. Er enth\u00e4lt mehrere Fr\u00fcchte, die die Noten dieser Cuv\u00e9e aufwerten und hervorheben sowie Lik\u00f6re, die es den Aromen erm\u00f6glichen, sich zu verfl\u00fcchtigen, damit sie sich besser entfalten k\u00f6nnen. Man sagt dann, dass eine FEMME CAPABLE (STARKE FRAU), gerne gesch\u00e4tzt wird. Vorbereitung Legen Sie die Fruchtst\u00fccke, leicht zuvor flachgedr\u00fcckt, in ein gro\u00dfes Weinglas und f\u00fcgen Sie die Lik\u00f6re hinzu. F\u00fcgen Sie dann die prickelnde FEMME CAPABLE NECTAR hinzu und r\u00fchren Sie die Mischung um. Geben Sie Eisw\u00fcrfel hinzu und dekorieren Sie das Ganze mit einige Minzbl\u00e4tter Es bleibt nichts anderes \u00fcbrig, als ihm mit Liebe zu dienen und Aufmerksamkeit. Zutaten 2 Erdbeerh\u00e4lften 4 Himbeerh\u00e4lften 6 Blaubeerh\u00e4lften 1 Klinge aus Kakifrucht 5 ml Kirschlik\u00f6r 10 ml Pfirsichlik\u00f6r 75 ml FEMME CAPABLE NECTAR, HALB-TROCKEN WEIN ENTDECKEN<\/p>\n","protected":false},"author":3,"featured_media":0,"parent":2058,"menu_order":0,"comment_status":"closed","ping_status":"closed","template":"elementor_header_footer","meta":{"site-sidebar-layout":"default","site-content-layout":"","ast-site-content-layout":"default","site-content-style":"default","site-sidebar-style":"default","ast-global-header-display":"","ast-banner-title-visibility":"","ast-main-header-display":"","ast-hfb-above-header-display":"","ast-hfb-below-header-display":"","ast-hfb-mobile-header-display":"","site-post-title":"","ast-breadcrumbs-content":"","ast-featured-img":"","footer-sml-layout":"","ast-disable-related-posts":"","theme-transparent-header-meta":"","adv-header-id-meta":"","stick-header-meta":"","header-above-stick-meta":"","header-main-stick-meta":"","header-below-stick-meta":"","astra-migrate-meta-layouts":"default","ast-page-background-enabled":"default","ast-page-background-meta":{"desktop":{"background-color":"var(--ast-global-color-4)","background-image":"","background-repeat":"repeat","background-position":"center center","background-size":"auto","background-attachment":"scroll","background-type":"","background-media":"","overlay-type":"","overlay-color":"","overlay-opacity":"","overlay-gradient":""},"tablet":{"background-color":"","background-image":"","background-repeat":"repeat","background-position":"center center","background-size":"auto","background-attachment":"scroll","background-type":"","background-media":"","overlay-type":"","overlay-color":"","overlay-opacity":"","overlay-gradient":""},"mobile":{"background-color":"","background-image":"","background-repeat":"repeat","background-position":"center center","background-size":"auto","background-attachment":"scroll","background-type":"","background-media":"","overlay-type":"","overlay-color":"","overlay-opacity":"","overlay-gradient":""}},"ast-content-background-meta":{"desktop":{"background-color":"var(--ast-global-color-5)","background-image":"","background-repeat":"repeat","background-position":"center center","background-size":"auto","background-attachment":"scroll","background-type":"","background-media":"","overlay-type":"","overlay-color":"","overlay-opacity":"","overlay-gradient":""},"tablet":{"background-color":"var(--ast-global-color-5)","background-image":"","background-repeat":"repeat","background-position":"center center","background-size":"auto","background-attachment":"scroll","background-type":"","background-media":"","overlay-type":"","overlay-color":"","overlay-opacity":"","overlay-gradient":""},"mobile":{"background-color":"var(--ast-global-color-5)","background-image":"","background-repeat":"repeat","background-position":"center center","background-size":"auto","background-attachment":"scroll","background-type":"","background-media":"","overlay-type":"","overlay-color":"","overlay-opacity":"","overlay-gradient":""}},"footnotes":""},"class_list":["post-2255","page","type-page","status-publish","hentry"],"jetpack_sharing_enabled":true,"_links":{"self":[{"href":"https:\/\/cave-des-montagnes.com\/de\/wp-json\/wp\/v2\/pages\/2255","targetHints":{"allow":["GET"]}}],"collection":[{"href":"https:\/\/cave-des-montagnes.com\/de\/wp-json\/wp\/v2\/pages"}],"about":[{"href":"https:\/\/cave-des-montagnes.com\/de\/wp-json\/wp\/v2\/types\/page"}],"author":[{"embeddable":true,"href":"https:\/\/cave-des-montagnes.com\/de\/wp-json\/wp\/v2\/users\/3"}],"replies":[{"embeddable":true,"href":"https:\/\/cave-des-montagnes.com\/de\/wp-json\/wp\/v2\/comments?post=2255"}],"version-history":[{"count":22,"href":"https:\/\/cave-des-montagnes.com\/de\/wp-json\/wp\/v2\/pages\/2255\/revisions"}],"predecessor-version":[{"id":3686,"href":"https:\/\/cave-des-montagnes.com\/de\/wp-json\/wp\/v2\/pages\/2255\/revisions\/3686"}],"up":[{"embeddable":true,"href":"https:\/\/cave-des-montagnes.com\/de\/wp-json\/wp\/v2\/pages\/2058"}],"wp:attachment":[{"href":"https:\/\/cave-des-montagnes.com\/de\/wp-json\/wp\/v2\/media?parent=2255"}],"curies":[{"name":"wp","href":"https:\/\/api.w.org\/{rel}","templated":true}]}}